{"id":2700,"date":"2024-07-19T08:59:27","date_gmt":"2024-07-18T23:59:27","guid":{"rendered":"https:\/\/atelierrouge.jp\/?page_id=2700"},"modified":"2024-07-31T21:54:07","modified_gmt":"2024-07-31T12:54:07","slug":"about","status":"publish","type":"page","link":"https:\/\/atelierrouge.jp\/fr\/about","title":{"rendered":"ABOUT"},"content":{"rendered":"<div class=\"wpb-content-wrapper\"><p>[vc_row el_class=\u00a0\u00bbcover-row mb-row\u00a0\u00bb el_id=\u00a0\u00bbcover-row mb-row\u00a0\u00bb][vc_column width=\u00a0\u00bb1\/6&Prime; offset=\u00a0\u00bbvc_col-xs-2&Prime;][vc_column_text]<\/p>\n<div class=\"side-title-wrap\"><img decoding=\"async\" class=\"size-full w120 alignnone side-title\" src=\"https:\/\/atelierrouge.jp\/wp\/wp-content\/uploads\/2021\/03\/about_page_tit-1x-1.png\" alt=\"ABOUT\" width=\"90\" height=\"\" \/><img decoding=\"async\" class=\"size-full w65 side-subtitle alignnone\" src=\"https:\/\/atelierrouge.jp\/wp\/wp-content\/uploads\/2021\/04\/spacer.png\" alt=\"\" width=\"49\" height=\"\" \/><\/div>\n<p>[\/vc_column_text][\/vc_column][vc_column width=\u00a0\u00bb5\/6&Prime; offset=\u00a0\u00bbvc_col-xs-10&Prime;][vc_row_inner equal_height=\u00a0\u00bbyes\u00a0\u00bb content_placement=\u00a0\u00bbmiddle\u00a0\u00bb el_class=\u00a0\u00bbcover-main stretch-right br-tl-150&Prime; css=\u00a0\u00bb.vc_custom_1652148487785{background-image: url(https:\/\/atelierrouge.jp\/wp\/wp-content\/uploads\/2021\/03\/about_cover_main-1&#215;50-1.jpg?id=393) !important;background-position: center !important;background-repeat: no-repeat !important;background-size: cover !important;}\u00a0\u00bb el_id=\u00a0\u00bbcover-main stretch-right br-tl-150&Prime;][vc_column_inner width=\u00a0\u00bb1\/2&Prime; offset=\u00a0\u00bbvc_col-xs-5&Prime;][vc_column_text css_animation=\u00a0\u00bbright-to-left\u00a0\u00bb]<img decoding=\"async\" class=\"about22-cover-logo size-full w277 alignnone\" src=\"https:\/\/atelierrouge.jp\/wp\/wp-content\/uploads\/2022\/05\/about22-cover-logo-1x.png\" alt=\"\" width=\"210\" height=\"\" \/>[\/vc_column_text][\/vc_column_inner][\/vc_row_inner][\/vc_column][\/vc_row][vc_row full_width=\u00a0\u00bbstretch_row\u00a0\u00bb el_class=\u00a0\u00bbabout-brand-row pb-row\u00a0\u00bb el_id=\u00a0\u00bbabout-brand-row pb-row\u00a0\u00bb][vc_column width=\u00a0\u00bb1\/6&Prime; offset=\u00a0\u00bbvc_col-xs-2&Prime;][vc_column_text]<\/p>\n<div class=\"side-title-wrap\"><img decoding=\"async\" class=\"side-title\" src=\"https:\/\/atelierrouge.jp\/wp\/wp-content\/uploads\/2021\/04\/spacer.png\" alt=\"\" width=\"75\" height=\"\" \/><img decoding=\"async\" class=\"size-full w65 side-subtitle alignnone\" src=\"https:\/\/atelierrouge.jp\/wp\/wp-content\/uploads\/2021\/04\/home_sub_tit_brand-1x.png\" alt=\"brand\" width=\"49\" height=\"\" \/><\/div>\n<p>[\/vc_column_text][\/vc_column][vc_column width=\u00a0\u00bb5\/6&Prime; offset=\u00a0\u00bbvc_col-xs-10&Prime;][vc_row_inner el_class=\u00a0\u00bbmb-irow\u00a0\u00bb][vc_column_inner][vc_column_text css_animation=\u00a0\u00bbtop-to-bottom\u00a0\u00bb]<img decoding=\"async\" class=\"aligncenter size-full w350 about-brand-logo\" src=\"https:\/\/atelierrouge.jp\/wp\/wp-content\/uploads\/2021\/03\/about_brand_logo_r175-1x50-1.jpg\" alt=\"\" width=\"263\" height=\"\" \/>[\/vc_column_text][\/vc_column_inner][\/vc_row_inner][vc_row_inner el_class=\u00a0\u00bbmb-irow\u00a0\u00bb][vc_column_inner width=\u00a0\u00bb2\/3&Prime; offset=\u00a0\u00bbvc_col-md-offset-3 vc_col-md-6 vc_col-sm-offset-2&Prime;][vc_column_text css_animation=\u00a0\u00bbbottom-to-top\u00a0\u00bb css=\u00a0\u00bb\u00a0\u00bb]Les femmes portent des ornements aux oreilles depuis l\u2019Antiquit\u00e9. Les boucles d\u2019oreilles d\u2019or ou de coquillage ont \u00e9t\u00e9 exhum\u00e9es au cours de nombreuses fouilles \u00e0 travers monde. En d\u00e9corant, les peuples anciens cherchaient \u00e0 prot\u00e9ger l&rsquo;oreille, qui a pour fonction particuli\u00e8re d&rsquo;entendre les sons dans le corps.<br \/>\n[\/vc_column_text][\/vc_column_inner][\/vc_row_inner][vc_row_inner el_class=\u00a0\u00bbmb-irow\u00a0\u00bb][vc_column_inner width=\u00a0\u00bb1\/2&Prime;][vc_column_text css_animation=\u00a0\u00bbbottom-to-top\u00a0\u00bb]<img decoding=\"async\" class=\"aligncenter size-full w745\" src=\"https:\/\/atelierrouge.jp\/wp\/wp-content\/uploads\/2021\/03\/about_brand_products_1-1x.png\" alt=\"\" width=\"559\" height=\"\" \/>[\/vc_column_text][\/vc_column_inner][vc_column_inner width=\u00a0\u00bb1\/2&Prime;][vc_column_text css_animation=\u00a0\u00bbbottom-to-top\u00a0\u00bb]<img decoding=\"async\" class=\"aligncenter size-full w745\" src=\"https:\/\/atelierrouge.jp\/wp\/wp-content\/uploads\/2021\/03\/about_brand_products_2-1x.png\" alt=\"\" width=\"559\" height=\"\" \/>[\/vc_column_text][\/vc_column_inner][\/vc_row_inner][vc_row_inner][vc_column_inner width=\u00a0\u00bb2\/3&Prime; offset=\u00a0\u00bbvc_col-md-offset-3 vc_col-md-6 vc_col-sm-offset-2&Prime;][vc_column_text css_animation=\u00a0\u00bbbottom-to-top\u00a0\u00bb css=\u00a0\u00bb\u00a0\u00bb]<\/p>\n<h4><img decoding=\"async\" class=\"aligncenter size-full w715\" src=\"https:\/\/atelierrouge.jp\/wp\/wp-content\/uploads\/2021\/04\/home_tagline_2-1x.png\" alt=\"Une touche d'art au creux de l'oreille.\" width=\"536\" height=\"\" \/><\/h4>\n<h6 class=\"mb-icol\">Earrings Inspired by Great Artists<\/h6>\n<p>Atelier Rouge est une marque de bijoux qui produit des boucles d\u2019oreilles inspir\u00e9es par les \u0153uvres d\u2019art de grands artistes. Ajoutant une interpr\u00e9tation \u00e0 chaque pi\u00e8ce, nous offrons la profondeur des d\u2019\u0153uvres d\u2019art au-del\u00e0 du temps et de l\u2019espace.<br \/>\n[\/vc_column_text][\/vc_column_inner][\/vc_row_inner][\/vc_column][\/vc_row][vc_row full_width=\u00a0\u00bbstretch_row\u00a0\u00bb el_id=\u00a0\u00bbabout-concept-row pb-row\u00a0\u00bb el_class=\u00a0\u00bbabout-concept-row pb-row\u00a0\u00bb][vc_column width=\u00a0\u00bb1\/6&Prime; offset=\u00a0\u00bbvc_col-xs-2&Prime;][vc_column_text]<\/p>\n<div class=\"side-title-wrap\"><img decoding=\"async\" class=\"side-title\" src=\"https:\/\/atelierrouge.jp\/wp\/wp-content\/uploads\/2021\/04\/spacer.png\" alt=\"\" width=\"75\" height=\"\" \/><img decoding=\"async\" class=\"size-full w70 side-subtitle\" src=\"https:\/\/atelierrouge.jp\/wp\/wp-content\/uploads\/2021\/03\/about_section_tit_concept-1x.png\" alt=\"concept\" width=\"49\" height=\"\" \/><\/div>\n<p>[\/vc_column_text][\/vc_column][vc_column width=\u00a0\u00bb5\/6&Prime; offset=\u00a0\u00bbvc_col-xs-10&Prime;][vc_row_inner el_id=\u00a0\u00bbmb-irow pt-icol\u00a0\u00bb el_class=\u00a0\u00bbmb-irow pt-icol\u00a0\u00bb][vc_column_inner width=\u00a0\u00bb2\/3&Prime; offset=\u00a0\u00bbvc_col-md-offset-3 vc_col-md-6 vc_col-sm-offset-2&Prime;][vc_column_text css_animation=\u00a0\u00bbbottom-to-top\u00a0\u00bb css=\u00a0\u00bb\u00a0\u00bb]<\/p>\n<h1 class=\"mb-elem\"><img decoding=\"async\" class=\"aligncenter size-full w540\" src=\"https:\/\/atelierrouge.jp\/wp\/wp-content\/uploads\/2021\/04\/home_tit_bridgeing-cultures-1x.png\" alt=\"BRIDGING CULTURE\" width=\"405\" height=\"\" \/><\/h1>\n<p><!--\n\n\n<h6 class=\"mb-icol\">\u6587\u5316\u306e\u67b6\u3051\u6a4b<\/h6>\n\n\n--><br \/>\nCette marque fusionne l\u2019esth\u00e9tique japonaise du \u201cwabi-sabi\u201d avec le minimalisme fran\u00e7ais. L\u2019inspiration et les collections de notre marque sont puis\u00e9es dans diverses cultures, individus et artisanats. L\u2019inspiration a toujours \u00e9t\u00e9 de construire un pont entre deux cultures. En mettant en lumi\u00e8re la beaut\u00e9 de chacune, nous approfondissons la compr\u00e9hension mutuelle, d\u00e9voilons l\u2019histoire, les traditions et les cultures, et les r\u00e9interpr\u00e9tons de mani\u00e8re moderne. Nous visons \u00e0 \u00eatre une marque d&rsquo;accessoires qui valorise la r\u00e9sonance transcendant les fronti\u00e8res et les cultures.[\/vc_column_text][\/vc_column_inner][\/vc_row_inner][vc_row_inner][vc_column_inner el_class=\u00a0\u00bbmb-icol\u00a0\u00bb width=\u00a0\u00bb5\/12&Prime; offset=\u00a0\u00bbvc_col-sm-offset-1&Prime; el_id=\u00a0\u00bbmb-icol\u00a0\u00bb][vc_column_text css_animation=\u00a0\u00bbright-to-left\u00a0\u00bb]<img decoding=\"async\" class=\"aligncenter size-full w490\" src=\"https:\/\/atelierrouge.jp\/wp\/wp-content\/uploads\/2021\/03\/about_concept_fig_1_r185-1x50-2.jpg\" alt=\"\" width=\"368\" height=\"\" \/>[\/vc_column_text][\/vc_column_inner][vc_column_inner el_class=\u00a0\u00bbmb-icol\u00a0\u00bb width=\u00a0\u00bb5\/12&Prime; el_id=\u00a0\u00bbmb-icol\u00a0\u00bb][vc_column_text css_animation=\u00a0\u00bbleft-to-right\u00a0\u00bb]<img decoding=\"async\" class=\"aligncenter size-full w490\" src=\"https:\/\/atelierrouge.jp\/wp\/wp-content\/uploads\/2021\/03\/about_concept_fig_2_r185-1x50-2.jpg\" alt=\"\" width=\"368\" height=\"\" \/>[\/vc_column_text][\/vc_column_inner][\/vc_row_inner][\/vc_column][\/vc_row][vc_row el_class=\u00a0\u00bbcover-row mb-irow\u00a0\u00bb el_id=\u00a0\u00bbcover-row mb-irow\u00a0\u00bb][vc_column width=\u00a0\u00bb1\/6&Prime; offset=\u00a0\u00bbvc_col-xs-2&Prime;][vc_column_text]<\/p>\n<div class=\"side-title-wrap\"><img decoding=\"async\" class=\"side-title\" src=\"https:\/\/atelierrouge.jp\/wp\/wp-content\/uploads\/2021\/04\/spacer.png\" alt=\"\" width=\"75\" height=\"\" \/><img decoding=\"async\" class=\"size-full w70 side-subtitle\" src=\"https:\/\/atelierrouge.jp\/wp\/wp-content\/uploads\/2022\/05\/about22-sub-tit-product-1x.png\" alt=\"product\" width=\"49\" height=\"\" \/><\/div>\n<p>[\/vc_column_text][\/vc_column][vc_column width=\u00a0\u00bb5\/6&Prime; offset=\u00a0\u00bbvc_col-xs-10&Prime;][vc_row_inner equal_height=\u00a0\u00bbyes\u00a0\u00bb content_placement=\u00a0\u00bbbottom\u00a0\u00bb el_class=\u00a0\u00bbcover-main stretch-right br-tl-150&Prime; css=\u00a0\u00bb.vc_custom_1617632082236{background-image: url(https:\/\/atelierrouge.jp\/wp\/wp-content\/uploads\/2021\/04\/home_products_img-1&#215;50-1.jpg?id=430) !important;background-position: center !important;background-repeat: no-repeat !important;background-size: cover !important;}\u00a0\u00bb el_id=\u00a0\u00bbcover-main stretch-right br-tl-150&Prime;][vc_column_inner width=\u00a0\u00bb1\/2&Prime; offset=\u00a0\u00bbvc_col-sm-offset-6 vc_col-xs-offset-3 vc_col-xs-9&Prime;][vc_column_text css_animation=\u00a0\u00bbleft-to-right\u00a0\u00bb]<img decoding=\"async\" class=\"alignright size-full w670\" src=\"https:\/\/atelierrouge.jp\/wp\/wp-content\/uploads\/2021\/04\/products_cover_tagline-1x.png\" alt=\"CRAFTSMANSHIP\" width=\"503\" height=\"\" \/>[\/vc_column_text][\/vc_column_inner][\/vc_row_inner][\/vc_column][\/vc_row][vc_row el_class=\u00a0\u00bbproducts-details-row mb-row\u00a0\u00bb el_id=\u00a0\u00bbproducts-details-row mb-row\u00a0\u00bb][vc_column width=\u00a0\u00bb1\/6&Prime; offset=\u00a0\u00bbvc_col-xs-2&Prime;][\/vc_column][vc_column width=\u00a0\u00bb5\/6&Prime; offset=\u00a0\u00bbvc_col-xs-10&Prime; css=\u00a0\u00bb.vc_custom_1618741726056{background-color: #ffffff !important;}\u00a0\u00bb][vc_row_inner equal_height=\u00a0\u00bbyes\u00a0\u00bb el_class=\u00a0\u00bbpy-irow\u00a0\u00bb el_id=\u00a0\u00bbpy-irow\u00a0\u00bb][vc_column_inner offset=\u00a0\u00bbvc_col-lg-offset-1 vc_col-lg-4 vc_col-md-5&Prime;][vc_column_text css=\u00a0\u00bb\u00a0\u00bb]<!--\n\n\n<h4 class=\"mb-icol\" style=\"text-align: right;\"><img decoding=\"async\" class=\"size-full w550 alignright\" src=\"https:\/\/atelierrouge.jp\/wp\/wp-content\/uploads\/2021\/04\/home_products_sub_tit_1400years-1x.png\" alt=\"1400 Years of Tradition\" width=\"413\" height=\"\" \/><\/h4>\n\n\n--><\/p>\n<h1 class=\"mb-icol h2\" style=\"text-align: right; line-height: 1.4;\"><small class=\"h5\">1400 ans de tradition<\/small><br \/>\nL\u2019artisanat de la c\u00e9ramique de Mino dans la pr\u00e9fecture de Gifu<\/h1>\n<p>Les boucles d\u2019oreilles d\u2019Atelier Rouge sont fabriqu\u00e9es par le savoir-faire des artisans de la c\u00e9ramique de Mino dans la pr\u00e9fecture de Gifu, qui poss\u00e8de une histoire de 1400 ans et est le premier producteur de c\u00e9ramique au Japon. En int\u00e9grant des techniques artisanales traditionnelles pr\u00e9cieusement transmises depuis des si\u00e8cles, ces boucles d\u2019oreilles fabriqu\u00e9e \u00e0 la main acqui\u00e8rent une beaut\u00e9 et un \u00e9clat intemporels. Chaque pi\u00e8ce, unique en son genre, est le fruit d\u2019un travail minutieux et attentionn\u00e9, incarnant une \u0153uvre d\u2019art seule et unique dont vous ne vous lasserez jamais.<br \/>\n[\/vc_column_text][\/vc_column_inner][vc_column_inner offset=\u00a0\u00bbvc_col-md-1&Prime; css=\u00a0\u00bb.vc_custom_1617446665290{border-right-width: 1px !important;border-right-color: #e60012 !important;border-right-style: solid !important;}\u00a0\u00bb][vc_column_text]<\/p>\n<div class=\"pt-icol pb-irow vc_hidden-lg vc_hidden-md\"><img loading=\"lazy\" decoding=\"async\" class=\"size-full w852\" src=\"https:\/\/atelierrouge.jp\/wp\/wp-content\/uploads\/2021\/03\/products_intro_line-1x.png\" alt=\"\" width=\"640\" height=\"1\" \/><\/div>\n<p>[\/vc_column_text][\/vc_column_inner][vc_column_inner offset=\u00a0\u00bbvc_col-md-6&Prime;][vc_column_text css=\u00a0\u00bb\u00a0\u00bb]<img decoding=\"async\" class=\"aligncenter size-full w540\" src=\"https:\/\/atelierrouge.jp\/wp\/wp-content\/uploads\/2021\/04\/products_img_01-1x50-1.jpg\" alt=\"\" width=\"405\" height=\"\" \/><\/p>\n<p class=\"small\" style=\"text-align: center;\">Tajimi, pr\u00e9fecture de Gifu, o\u00f9 la tradition de la c\u00e9ramique de Mino s\u2019est enrichie<\/p>\n<p><img decoding=\"async\" class=\"aligncenter size-full w540\" src=\"https:\/\/atelierrouge.jp\/wp\/wp-content\/uploads\/2021\/04\/products_img_02-1x50-1.jpg\" alt=\"\" width=\"405\" height=\"\" \/>[\/vc_column_text][\/vc_column_inner][\/vc_row_inner][vc_row_inner el_class=\u00a0\u00bbmb-irow\u00a0\u00bb el_id=\u00a0\u00bbmb-irow\u00a0\u00bb][vc_column_inner][vc_column_text css=\u00a0\u00bb\u00a0\u00bb]<\/p>\n<p style=\"text-align: center;\">Des boucles d\u2019oreilles cr\u00e9\u00e9es avec le plus grand soin et une grande attention par des artisans exp\u00e9riment\u00e9s,<br \/>\nqui affinent leurs comp\u00e9tences traditionnelles pour chaque pi\u00e8ce.<\/p>\n<p>[\/vc_column_text][\/vc_column_inner][\/vc_row_inner][vc_row_inner][vc_column_inner offset=\u00a0\u00bbvc_col-md-offset-1 vc_col-md-5&Prime;][vc_column_text]<img loading=\"lazy\" decoding=\"async\" class=\"w540 mb-icol aligncenter\" src=\"https:\/\/atelierrouge.jp\/wp\/wp-content\/uploads\/2021\/04\/products_img_03-1x50-1.jpg\" alt=\"\" width=\"405\" height=\"350\" \/>[\/vc_column_text][\/vc_column_inner][vc_column_inner offset=\u00a0\u00bbvc_col-md-5&Prime;][vc_column_text]<img loading=\"lazy\" decoding=\"async\" class=\"w540 mb-icol aligncenter\" src=\"https:\/\/atelierrouge.jp\/wp\/wp-content\/uploads\/2021\/04\/products_img_04-1x50-1.jpg\" alt=\"\" width=\"405\" height=\"350\" \/>[\/vc_column_text][\/vc_column_inner][\/vc_row_inner][vc_row_inner el_id=\u00a0\u00bbpb-row\u00a0\u00bb el_class=\u00a0\u00bbpb-row\u00a0\u00bb][vc_column_inner offset=\u00a0\u00bbvc_col-md-offset-1 vc_col-md-5&Prime;][vc_column_text]<img loading=\"lazy\" decoding=\"async\" class=\"w540 mb-icol aligncenter\" src=\"https:\/\/atelierrouge.jp\/wp\/wp-content\/uploads\/2021\/04\/products_img_05-1x50-1.jpg\" alt=\"\" width=\"405\" height=\"350\" \/>[\/vc_column_text][\/vc_column_inner][vc_column_inner offset=\u00a0\u00bbvc_col-md-5&Prime;][vc_column_text]<img loading=\"lazy\" decoding=\"async\" class=\"w540 mb-icol aligncenter\" src=\"https:\/\/atelierrouge.jp\/wp\/wp-content\/uploads\/2021\/04\/products_img_06-1x50-1.jpg\" alt=\"\" width=\"405\" height=\"350\" \/>[\/vc_column_text][\/vc_column_inner][\/vc_row_inner][\/vc_column][\/vc_row]<\/p>\n<\/div>","protected":false},"excerpt":{"rendered":"<p>[vc_row el_class=\u00a0\u00bbcover-row mb-row\u00a0\u00bb el_id=\u00a0\u00bbcover-row mb-row\u00a0\u00bb][vc_column width=\u00a0\u00bb1\/6&Prime; offset=\u00a0\u00bbvc_col-xs-2&Prime;][vc_column_text] [\/vc_column_text][\/vc_column][vc_column width=\u00a0\u00bb5\/6&Prime; offset=\u00a0\u00bbvc_col-xs-10&Prime;][vc_row_inner equal_height=\u00a0\u00bbyes\u00a0\u00bb content_placement=\u00a0\u00bbmiddle\u00a0\u00bb el_class=\u00a0\u00bbcover-main stretch-right br-tl-150&Prime; css=\u00a0\u00bb.vc_custom_1652148487785{background-image: url(https:\/\/atelierrouge.jp\/wp\/wp-content\/uploads\/2021\/03\/about_cover_main-1&#215;50-1.jpg?id=393) !important;background-position: center !important;background-repeat: no-repeat !important;background-size: cover !important;}\u00a0\u00bb el_id=\u00a0\u00bbcover-main stretch-right br-tl-150&Prime;][vc_column_inner width=\u00a0\u00bb1\/2&Prime; offset=\u00a0\u00bbvc_col-xs-5&Prime;][vc_column_text css_animation=\u00a0\u00bbright-to-left\u00a0\u00bb][\/vc_column_text][\/vc_column_inner][\/vc_row_inner][\/vc_column][\/vc_row][vc_row full_width=\u00a0\u00bbstretch_row\u00a0\u00bb el_class=\u00a0\u00bbabout-brand-row pb-row\u00a0\u00bb el_id=\u00a0\u00bbabout-brand-row pb-row\u00a0\u00bb][vc_column width=\u00a0\u00bb1\/6&Prime; offset=\u00a0\u00bbvc_col-xs-2&Prime;][vc_column_text] [\/vc_column_text][\/vc_column][vc_column width=\u00a0\u00bb5\/6&Prime; offset=\u00a0\u00bbvc_col-xs-10&Prime;][vc_row_inner el_class=\u00a0\u00bbmb-irow\u00a0\u00bb][vc_column_inner][vc_column_text css_animation=\u00a0\u00bbtop-to-bottom\u00a0\u00bb][\/vc_column_text][\/vc_column_inner][\/vc_row_inner][vc_row_inner el_class=\u00a0\u00bbmb-irow\u00a0\u00bb][vc_column_inner width=\u00a0\u00bb2\/3&Prime; offset=\u00a0\u00bbvc_col-md-offset-3 vc_col-md-6 vc_col-sm-offset-2&Prime;][vc_column_text css_animation=\u00a0\u00bbbottom-to-top\u00a0\u00bb css=\u00a0\u00bb\u00a0\u00bb]Les femmes portent des ornements aux oreilles&hellip;<\/p>\n","protected":false},"author":2,"featured_media":0,"parent":0,"menu_order":6,"comment_status":"closed","ping_status":"closed","template":"","meta":{"_locale":"fr_FR","_original_post":"https:\/\/atelierrouge.jp\/?page_id=1430","footnotes":""},"class_list":["post-2700","page","type-page","status-publish","hentry","fr-FR","description-off"],"aioseo_notices":[],"_links":{"self":[{"href":"https:\/\/atelierrouge.jp\/wp-json\/wp\/v2\/pages\/2700","targetHints":{"allow":["GET"]}}],"collection":[{"href":"https:\/\/atelierrouge.jp\/wp-json\/wp\/v2\/pages"}],"about":[{"href":"https:\/\/atelierrouge.jp\/wp-json\/wp\/v2\/types\/page"}],"author":[{"embeddable":true,"href":"https:\/\/atelierrouge.jp\/wp-json\/wp\/v2\/users\/2"}],"replies":[{"embeddable":true,"href":"https:\/\/atelierrouge.jp\/wp-json\/wp\/v2\/comments?post=2700"}],"version-history":[{"count":7,"href":"https:\/\/atelierrouge.jp\/wp-json\/wp\/v2\/pages\/2700\/revisions"}],"predecessor-version":[{"id":3115,"href":"https:\/\/atelierrouge.jp\/wp-json\/wp\/v2\/pages\/2700\/revisions\/3115"}],"wp:attachment":[{"href":"https:\/\/atelierrouge.jp\/wp-json\/wp\/v2\/media?parent=2700"}],"curies":[{"name":"wp","href":"https:\/\/api.w.org\/{rel}","templated":true}]}}